{"id":3267,"date":"2023-11-04T12:03:03","date_gmt":"2023-11-04T12:03:03","guid":{"rendered":"https:\/\/new.majalyngsoe.dk\/?page_id=3267"},"modified":"2024-09-05T13:16:23","modified_gmt":"2024-09-05T12:16:23","slug":"grundforlob-2","status":"publish","type":"page","link":"https:\/\/majalyngsoe.dk\/index.php\/grundforlob-2\/","title":{"rendered":"Grundforl\u00f8b 2"},"content":{"rendered":"","protected":true},"excerpt":{"rendered":"","protected":true},"author":2,"featured_media":0,"parent":0,"menu_order":0,"comment_status":"closed","ping_status":"closed","template":"","meta":{"footnotes":""},"class_list":["post-3267","page","type-page","status-publish","post-password-required","hentry"],"yoast_head":"<!-- This site is optimized with the Yoast SEO plugin v27.3 - https:\/\/yoast.com\/product\/yoast-seo-wordpress\/ -->\n<title>Grundforl\u00f8b 2 -<\/title>\n<meta name=\"description\" content=\"Mediegrafikerelev p\u00e5 2. hovedforl\u00f8b ved Hansenberg og elev hos Good Food Group i Vejle. Se mit portfolio med kreative projekter inden for emballage, flyers og digitale opgaver!\" \/>\n<meta name=\"robots\" content=\"index, follow, max-snippet:-1, max-image-preview:large, max-video-preview:-1\" \/>\n<link rel=\"canonical\" href=\"https:\/\/majalyngsoe.dk\/index.php\/grundforlob-2\/\" \/>\n<meta property=\"og:locale\" content=\"en_GB\" \/>\n<meta property=\"og:type\" content=\"article\" \/>\n<meta property=\"og:title\" content=\"Grundforl\u00f8b 2 -\" \/>\n<meta property=\"og:description\" content=\"Mediegrafikerelev p\u00e5 2. hovedforl\u00f8b ved Hansenberg og elev hos Good Food Group i Vejle. Se mit portfolio med kreative projekter inden for emballage, flyers og digitale opgaver!\" \/>\n<meta property=\"og:url\" content=\"https:\/\/majalyngsoe.dk\/index.php\/grundforlob-2\/\" \/>\n<meta property=\"article:modified_time\" content=\"2024-09-05T12:16:23+00:00\" \/>\n<meta name=\"twitter:card\" content=\"summary_large_image\" \/>\n<meta name=\"twitter:label1\" content=\"Estimated reading time\" \/>\n\t<meta name=\"twitter:data1\" content=\"1 minute\" \/>\n<script type=\"application\/ld+json\" class=\"yoast-schema-graph\">{\"@context\":\"https:\\\/\\\/schema.org\",\"@graph\":[{\"@type\":\"WebPage\",\"@id\":\"https:\\\/\\\/majalyngsoe.dk\\\/index.php\\\/grundforlob-2\\\/\",\"url\":\"https:\\\/\\\/majalyngsoe.dk\\\/index.php\\\/grundforlob-2\\\/\",\"name\":\"Grundforl\u00f8b 2 -\",\"isPartOf\":{\"@id\":\"https:\\\/\\\/majalyngsoe.dk\\\/#website\"},\"datePublished\":\"2023-11-04T12:03:03+00:00\",\"dateModified\":\"2024-09-05T12:16:23+00:00\",\"breadcrumb\":{\"@id\":\"https:\\\/\\\/majalyngsoe.dk\\\/index.php\\\/grundforlob-2\\\/#breadcrumb\"},\"inLanguage\":\"en-GB\"},{\"@type\":\"WebSite\",\"@id\":\"https:\\\/\\\/majalyngsoe.dk\\\/#website\",\"url\":\"https:\\\/\\\/majalyngsoe.dk\\\/\",\"name\":\"Maja Lyngsoe\",\"description\":\"Mediegrafiker Portfolio\",\"publisher\":{\"@id\":\"https:\\\/\\\/majalyngsoe.dk\\\/#\\\/schema\\\/person\\\/4b0c67b9471821962f5bdfc38f4c0a63\"},\"alternateName\":\"Maja Lyngs\u00f8e Portfolio\",\"potentialAction\":[{\"@type\":\"SearchAction\",\"target\":{\"@type\":\"EntryPoint\",\"urlTemplate\":\"https:\\\/\\\/majalyngsoe.dk\\\/?s={search_term_string}\"},\"query-input\":{\"@type\":\"PropertyValueSpecification\",\"valueRequired\":true,\"valueName\":\"search_term_string\"}}],\"inLanguage\":\"en-GB\"}]}<\/script>\n<!-- \/ Yoast SEO plugin. -->","yoast_head_json":{"title":"Grundforl\u00f8b 2 -","description":"Mediegrafikerelev p\u00e5 2. hovedforl\u00f8b ved Hansenberg og elev hos Good Food Group i Vejle. Se mit portfolio med kreative projekter inden for emballage, flyers og digitale opgaver!","robots":{"index":"index","follow":"follow","max-snippet":"max-snippet:-1","max-image-preview":"max-image-preview:large","max-video-preview":"max-video-preview:-1"},"canonical":"https:\/\/majalyngsoe.dk\/index.php\/grundforlob-2\/","og_locale":"en_GB","og_type":"article","og_title":"Grundforl\u00f8b 2 -","og_description":"Mediegrafikerelev p\u00e5 2. hovedforl\u00f8b ved Hansenberg og elev hos Good Food Group i Vejle. Se mit portfolio med kreative projekter inden for emballage, flyers og digitale opgaver!","og_url":"https:\/\/majalyngsoe.dk\/index.php\/grundforlob-2\/","article_modified_time":"2024-09-05T12:16:23+00:00","twitter_card":"summary_large_image","twitter_misc":{"Estimated reading time":"1 minute"},"schema":{"@context":"https:\/\/schema.org","@graph":[{"@type":"WebPage","@id":"https:\/\/majalyngsoe.dk\/index.php\/grundforlob-2\/","url":"https:\/\/majalyngsoe.dk\/index.php\/grundforlob-2\/","name":"Grundforl\u00f8b 2 -","isPartOf":{"@id":"https:\/\/majalyngsoe.dk\/#website"},"datePublished":"2023-11-04T12:03:03+00:00","dateModified":"2024-09-05T12:16:23+00:00","breadcrumb":{"@id":"https:\/\/majalyngsoe.dk\/index.php\/grundforlob-2\/#breadcrumb"},"inLanguage":"en-GB"},{"@type":"WebSite","@id":"https:\/\/majalyngsoe.dk\/#website","url":"https:\/\/majalyngsoe.dk\/","name":"Maja Lyngsoe","description":"Mediegrafiker Portfolio","publisher":{"@id":"https:\/\/majalyngsoe.dk\/#\/schema\/person\/4b0c67b9471821962f5bdfc38f4c0a63"},"alternateName":"Maja Lyngs\u00f8e Portfolio","potentialAction":[{"@type":"SearchAction","target":{"@type":"EntryPoint","urlTemplate":"https:\/\/majalyngsoe.dk\/?s={search_term_string}"},"query-input":{"@type":"PropertyValueSpecification","valueRequired":true,"valueName":"search_term_string"}}],"inLanguage":"en-GB"}]}},"_links":{"self":[{"href":"https:\/\/majalyngsoe.dk\/index.php\/wp-json\/wp\/v2\/pages\/3267","targetHints":{"allow":["GET"]}}],"collection":[{"href":"https:\/\/majalyngsoe.dk\/index.php\/wp-json\/wp\/v2\/pages"}],"about":[{"href":"https:\/\/majalyngsoe.dk\/index.php\/wp-json\/wp\/v2\/types\/page"}],"author":[{"embeddable":true,"href":"https:\/\/majalyngsoe.dk\/index.php\/wp-json\/wp\/v2\/users\/2"}],"replies":[{"embeddable":true,"href":"https:\/\/majalyngsoe.dk\/index.php\/wp-json\/wp\/v2\/comments?post=3267"}],"version-history":[{"count":111,"href":"https:\/\/majalyngsoe.dk\/index.php\/wp-json\/wp\/v2\/pages\/3267\/revisions"}],"predecessor-version":[{"id":3787,"href":"https:\/\/majalyngsoe.dk\/index.php\/wp-json\/wp\/v2\/pages\/3267\/revisions\/3787"}],"wp:attachment":[{"href":"https:\/\/majalyngsoe.dk\/index.php\/wp-json\/wp\/v2\/media?parent=3267"}],"curies":[{"name":"wp","href":"https:\/\/api.w.org\/{rel}","templated":true}]}}